{"id":3296,"date":"2021-09-24T17:20:11","date_gmt":"2021-09-24T17:20:11","guid":{"rendered":"https:\/\/insightbasedleadership.com\/?page_id=3296"},"modified":"2022-05-04T17:20:15","modified_gmt":"2022-05-04T17:20:15","slug":"webinaire","status":"publish","type":"page","link":"https:\/\/tranvinhtan.com\/fr\/webinaire\/","title":{"rendered":"D\u00e9couvrir et maintenir la pratique"},"content":{"rendered":"<div data-colibri-id=\"3296-c1\" class=\"style-2513 style-local-3296-c1 position-relative\">\n  <!---->\n  <div data-colibri-component=\"section\" data-colibri-id=\"3296-c2\" id=\"overlappable\" class=\"h-section h-section-global-spacing d-flex align-items-lg-center align-items-md-center align-items-center style-2514 style-local-3296-c2 position-relative\">\n    <!---->\n    <!---->\n    <div class=\"h-section-grid-container h-section-boxed-container\">\n      <!---->\n      <div data-colibri-id=\"3296-c3\" class=\"h-row-container gutters-row-lg-2 gutters-row-md-2 gutters-row-0 gutters-row-v-lg-2 gutters-row-v-md-2 gutters-row-v-2 style-2515 style-local-3296-c3 position-relative\">\n        <!---->\n        <div class=\"h-row justify-content-lg-center justify-content-md-center justify-content-center align-items-lg-stretch align-items-md-stretch align-items-stretch gutters-col-lg-2 gutters-col-md-2 gutters-col-0 gutters-col-v-lg-2 gutters-col-v-md-2 gutters-col-v-2\">\n          <!---->\n          <div class=\"h-column h-column-container d-flex h-col-lg-4 h-col-md-4 h-col-12 style-2516-outer style-local-3296-c4-outer\">\n            <div data-colibri-id=\"3296-c4\" class=\"d-flex h-flex-basis h-column__inner h-px-lg-2 h-px-md-3 h-px-2 v-inner-lg-0 v-inner-md-3 v-inner-2 style-2516 style-local-3296-c4 position-relative\">\n              <!---->\n              <!---->\n              <div class=\"w-100 h-y-container h-column__content h-column__v-align flex-basis-100 align-self-lg-start align-self-md-start align-self-start\">\n                <!---->\n                <div data-colibri-id=\"3296-c5\" data-aos=\"zoomIn\" class=\"h-icon style-2517 style-local-3296-c5 position-relative h-element\">\n                  <!----><span class=\"h-svg-icon h-icon__icon style-2517-icon style-local-3296-c5-icon\"><!--Icon by Font Awesome (https:\/\/fontawesome.com)--><svg version=\"1.1\" xmlns=\"http:\/\/www.w3.org\/2000\/svg\" xmlns:xlink=\"http:\/\/www.w3.org\/1999\/xlink\" id=\"calendar\" viewBox=\"0 0 1672.2646 1896.0833\"><path d=\"M128 1664h288v-288H128v288zm352 0h320v-288H480v288zm-352-352h288V992H128v320zm352 0h320V992H480v320zM128 928h288V640H128v288zm736 736h320v-288H864v288zM480 928h320V640H480v288zm768 736h288v-288h-288v288zm-384-352h320V992H864v320zM512 448V160q0-13-9.5-22.5T480 128h-64q-13 0-22.5 9.5T384 160v288q0 13 9.5 22.5T416 480h64q13 0 22.5-9.5T512 448zm736 864h288V992h-288v320zM864 928h320V640H864v288zm384 0h288V640h-288v288zm32-480V160q0-13-9.5-22.5T1248 128h-64q-13 0-22.5 9.5T1152 160v288q0 13 9.5 22.5t22.5 9.5h64q13 0 22.5-9.5t9.5-22.5zm384-64v1280q0 52-38 90t-90 38H128q-52 0-90-38t-38-90V384q0-52 38-90t90-38h128v-96q0-66 47-113T416 0h64q66 0 113 47t47 113v96h384v-96q0-66 47-113t113-47h64q66 0 113 47t47 113v96h128q52 0 90 38t38 90z\"><\/path><\/svg><\/span><\/div>\n                <div\n                  data-colibri-id=\"3296-c6\" class=\"h-global-transition-all h-heading style-2518 style-local-3296-c6 position-relative h-element\">\n                  <!---->\n                  <div data-aos=\"zoomIn\" class=\"h-heading__outer style-2518 style-local-3296-c6\">\n                    <!---->\n                    <!---->\n                    <h5 class=\"\">4\u00e8me Dimanche Du Mois\n                      <br>20h00-21h30<\/h5>\n                  <\/div>\n              <\/div>\n            <\/div>\n          <\/div>\n        <\/div>\n        <div class=\"h-column h-column-container d-flex h-col-lg-4 h-col-md-4 h-col-12 style-2516-outer style-local-3296-c7-outer\">\n          <div data-colibri-id=\"3296-c7\" class=\"d-flex h-flex-basis h-column__inner h-px-lg-2 h-px-md-3 h-px-2 v-inner-lg-0 v-inner-md-3 v-inner-2 style-2516 style-local-3296-c7 position-relative\">\n            <!---->\n            <!---->\n            <div class=\"w-100 h-y-container h-column__content h-column__v-align flex-basis-100 align-self-lg-start align-self-md-start align-self-start\">\n              <!---->\n              <div data-colibri-id=\"3296-c8\" data-aos=\"zoomIn\" class=\"h-icon style-2517 style-local-3296-c8 position-relative h-element\">\n                <!----><span class=\"h-svg-icon h-icon__icon style-2517-icon style-local-3296-c8-icon\"><!--Icon by Font Awesome (https:\/\/fontawesome.com)--><svg version=\"1.1\" xmlns=\"http:\/\/www.w3.org\/2000\/svg\" xmlns:xlink=\"http:\/\/www.w3.org\/1999\/xlink\" id=\"microphone\" viewBox=\"0 0 1246.5988 1896.0833\"><path d=\"M1152 704v128q0 221-147.5 384.5T640 1404v132h256q26 0 45 19t19 45-19 45-45 19H256q-26 0-45-19t-19-45 19-45 45-19h256v-132q-217-24-364.5-187.5T0 832V704q0-26 19-45t45-19 45 19 19 45v128q0 185 131.5 316.5T576 1280t316.5-131.5T1024 832V704q0-26 19-45t45-19 45 19 19 45zM896 320v512q0 132-94 226t-226 94-226-94-94-226V320q0-132 94-226T576 0t226 94 94 226z\"><\/path><\/svg><\/span><\/div>\n              <div\n                data-colibri-id=\"3296-c9\" class=\"h-global-transition-all h-heading style-2518 style-local-3296-c9 position-relative h-element\">\n                <!---->\n                <div data-aos=\"zoomIn\" class=\"h-heading__outer style-2518 style-local-3296-c9\">\n                  <!---->\n                  <!---->\n                  <h5 class=\"\">Webinaire Gratuit&nbsp;<em style=\"font-weight: 400;\"><br>(Places Limit\u00e9es) <\/em><em><br><\/em>En Zoom<\/h5>\n                <\/div>\n            <\/div>\n          <\/div>\n        <\/div>\n      <\/div>\n    <\/div>\n  <\/div>\n<\/div>\n<\/div>\n<div data-colibri-component=\"section\" data-colibri-id=\"3296-c10\" id=\"about\" class=\"h-section h-section-global-spacing d-flex align-items-lg-center align-items-md-center align-items-center style-4529 style-local-3296-c10 position-relative\">\n  <!---->\n  <!---->\n  <div class=\"h-section-grid-container h-section-boxed-container\">\n    <!---->\n    <div data-colibri-id=\"3296-c11\" class=\"h-row-container gutters-row-lg-0 gutters-row-md-0 gutters-row-0 gutters-row-v-lg-0 gutters-row-v-md-0 gutters-row-v-0 style-4530 style-local-3296-c11 position-relative\">\n      <!---->\n      <div class=\"h-row justify-content-lg-center justify-content-md-center justify-content-center align-items-lg-stretch align-items-md-stretch align-items-stretch gutters-col-lg-0 gutters-col-md-0 gutters-col-0 gutters-col-v-lg-0 gutters-col-v-md-0 gutters-col-v-0\">\n        <!---->\n        <div class=\"h-column h-column-container d-flex h-col-lg-auto h-col-md-auto h-col-auto style-4531-outer style-local-3296-c12-outer\">\n          <div data-colibri-id=\"3296-c12\" class=\"d-flex h-flex-basis h-column__inner h-ui-empty-state-container h-px-lg-0 h-px-md-0 h-px-0 v-inner-lg-0 v-inner-md-0 v-inner-0 style-4531 style-local-3296-c12 position-relative\">\n            <!---->\n            <!---->\n            <div class=\"w-100 h-y-container h-column__content h-column__v-align flex-basis-100\">\n              <!---->\n            <\/div>\n          <\/div>\n        <\/div>\n        <div class=\"h-column h-column-container d-flex h-col-lg-auto h-col-md-auto h-col-auto style-4532-outer style-local-3296-c13-outer\">\n          <div data-colibri-id=\"3296-c13\" class=\"d-flex h-flex-basis h-column__inner h-px-lg-2 h-px-md-2 h-px-2 v-inner-lg-2 v-inner-md-2 v-inner-2 style-4532 style-local-3296-c13 position-relative\">\n            <!---->\n            <!---->\n            <div class=\"w-100 h-y-container h-column__content h-column__v-align flex-basis-100 align-self-lg-start align-self-md-start align-self-start\">\n              <!---->\n              <div data-colibri-id=\"3296-c14\" class=\"h-global-transition-all h-heading style-4534 style-local-3296-c14 position-relative h-element\">\n                <!---->\n                <div class=\"h-heading__outer style-4534 style-local-3296-c14\">\n                  <!---->\n                  <!---->\n                  <h2 class=\"\">Decouvir\/maintenir la pratique de la pleine conscience<\/h2>\n                <\/div>\n              <\/div>\n              <div data-colibri-id=\"3296-c15\" class=\"h-text h-text-component style-4535 style-local-3296-c15 position-relative h-element\">\n                <!---->\n                <!---->\n                <div class=\"\">\n                  <p>Ces s\u00e9ances mensuelles sont propos\u00e9es aux personnes ayant particip\u00e9 \u00e0 des formations avec moi pour maintenir la pratique ainsi qu&#8217;aux nouvelles personnes qui souhaitent d\u00e9couvrir la pleine conscience avec moi \u00e0 travers des th\u00e9matiques\n                    diff\u00e9rentes chaque mois.<\/p>\n                  <p>Lors de chaque s\u00e9ance, nous d\u00e9couvrons ensemble un th\u00e8me sous l&#8217;angle de la pleine conscience, m\u00e9ditons avec mon guidage, et enfin nous avons un temps de questions\/r\u00e9ponses.<\/p>\n                  <p>Ces s\u00e9ances sont bas\u00e9es sur le don libre. Le lien pour le don vous sera envoy\u00e9 apr\u00e8s la s\u00e9ance.<\/p>\n                <\/div>\n              <\/div>\n            <\/div>\n          <\/div>\n        <\/div>\n      <\/div>\n    <\/div>\n  <\/div>\n<\/div>\n<div data-colibri-component=\"section\" data-colibri-id=\"3296-c16\" id=\"register-siy-keynote\" class=\"h-section h-section-global-spacing d-flex align-items-lg-center align-items-md-center align-items-center style-2543 style-local-3296-c16 position-relative\">\n  <!---->\n  <!---->\n  <div class=\"h-section-grid-container h-section-boxed-container\">\n    <!---->\n    <div data-colibri-id=\"3296-c17\" class=\"h-row-container gutters-row-lg-2 gutters-row-md-2 gutters-row-0 gutters-row-v-lg-2 gutters-row-v-md-2 gutters-row-v-2 style-2544 style-local-3296-c17 position-relative\">\n      <!---->\n      <div class=\"h-row justify-content-lg-center justify-content-md-center justify-content-center align-items-lg-stretch align-items-md-stretch align-items-stretch gutters-col-lg-2 gutters-col-md-2 gutters-col-0 gutters-col-v-lg-2 gutters-col-v-md-2 gutters-col-v-2\">\n        <!---->\n        <div class=\"h-column h-column-container d-flex h-col-lg-auto h-col-md-auto h-col-auto style-2545-outer style-local-3296-c18-outer\">\n          <div data-colibri-id=\"3296-c18\" class=\"d-flex h-flex-basis h-column__inner h-px-lg-2 h-px-md-2 h-px-2 v-inner-lg-2 v-inner-md-2 v-inner-2 style-2545 style-local-3296-c18 position-relative\">\n            <!---->\n            <!---->\n            <div class=\"w-100 h-y-container h-column__content h-column__v-align flex-basis-100 align-self-lg-start align-self-md-start align-self-start\">\n              <!---->\n              <div data-colibri-id=\"3296-c19\" class=\"h-lead h-text h-text-component style-4528 style-local-3296-c19 position-relative h-element\">\n                <!---->\n                <!---->\n                <div class=\"\">\n                  <p><strong style=\"color: rgb(0, 0, 0);\">PROCHAINE REUNION :<\/strong><\/p>\n                  <p>\n                    <br>\n                  <\/p>\n                  <p>\n                    <u style=\"font-weight: 400;\">20h00-21h30&nbsp;<\/u>\n                  <\/p>\n                  <p>\n                    <u style=\"font-weight: 400;\">Dimanche 26 juin 2022<\/u>\n                    <br>\n                    <br><strong>TOPIC<\/strong>: <span style=\"font-weight: 400;\">Comment g\u00e9rer le stress avec la pleine conscience<br><\/span>\n                    <br>\n                  <\/p>\n                <\/div>\n              <\/div>\n            <\/div>\n          <\/div>\n        <\/div>\n        <div class=\"h-column h-column-container d-flex h-col-lg-auto h-col-md-auto h-col-auto style-4527-outer style-local-3296-c20-outer\">\n          <div data-colibri-id=\"3296-c20\" class=\"d-flex h-flex-basis h-column__inner h-px-lg-2 h-px-md-2 h-px-2 v-inner-lg-2 v-inner-md-2 v-inner-2 style-4527 style-local-3296-c20 position-relative\">\n            <!---->\n            <!---->\n            <div class=\"w-100 h-y-container h-column__content h-column__v-align flex-basis-100 align-self-lg-start align-self-md-start align-self-start\">\n              <!---->\n              <div data-toggle=\"true\" data-is-preview=\"true\" data-colibri-component=\"accordion\" data-colibri-id=\"3296-c21\" data-aos=\"bounceIn\" class=\"h-accordion style-2546 style-local-3296-c21 position-relative h-element\">\n                <!---->\n                <div data-colibri-id=\"3296-c22\" class=\"h-accordion-item h-accordion-item-first-child style-2547 style-local-3296-c22 position-relative h-element\">\n                  <!---->\n                  <a data-open-by-default=\"true\" href=\"#3296-c22\" class=\"h-accordion-item-title d-flex align-items-center h-global-transition\">\n                    <!----><span>INSCRIPTION<\/span>\n                    <div class=\"h-accordion-item-title-normal-icon h-accordion-item-title-icon h-accordion-item-title-icon-right\"><span class=\"h-svg-icon\"><!--Icon by Icons8 Line Awesome (https:\/\/icons8.com\/line-awesome)--><svg version=\"1.1\" xmlns=\"http:\/\/www.w3.org\/2000\/svg\" xmlns:xlink=\"http:\/\/www.w3.org\/1999\/xlink\" id=\"plus\" viewBox=\"0 0 512 545.5\"><path d=\"M240 112h32v160h160v32H272v160h-32V304H80v-32h160V112z\"><\/path><\/svg><\/span><\/div>\n                    <div class=\"h-accordion-item-title-active-icon h-accordion-item-title-icon h-accordion-item-title-icon-right\"><span class=\"h-svg-icon\"><!--Icon by Icons8 Line Awesome (https:\/\/icons8.com\/line-awesome)--><svg version=\"1.1\" xmlns=\"http:\/\/www.w3.org\/2000\/svg\" xmlns:xlink=\"http:\/\/www.w3.org\/1999\/xlink\" id=\"minus\" viewBox=\"0 0 512 545.5\"><path d=\"M80 272h352v32H80v-32z\"><\/path><\/svg><\/span><\/div>\n                  <\/a>\n                  <div id=\"3296-c22\" class=\"h-accordion-item-content__container\">\n                    <div class=\"w-100 h-y-container h-accordion-item-content\">\n                      <!---->\n                      <div data-colibri-id=\"3296-c23\" class=\"style-4206 style-local-3296-c23 position-relative h-element\">\n                        <!---->\n                        <div class=\"\"><div class=\"wpforms-container wpforms-container-full\" id=\"wpforms-5841\"><form id=\"wpforms-form-5841\" class=\"wpforms-validate wpforms-form\" data-formid=\"5841\" method=\"post\" enctype=\"multipart\/form-data\" action=\"\/fr\/wp-json\/wp\/v2\/pages\/3296\" data-token=\"eed2f61afa83ae372708fc5722c442e6\" data-token-time=\"1776222196\"><noscript class=\"wpforms-error-noscript\">Veuillez activer JavaScript dans votre navigateur pour remplir ce formulaire.<\/noscript><div class=\"wpforms-field-container\"><div id=\"wpforms-5841-field_1-container\" class=\"wpforms-field wpforms-field-name\" data-field-id=\"1\"><label class=\"wpforms-field-label\" for=\"wpforms-5841-field_1\">Nom <span class=\"wpforms-required-label\">*<\/span><\/label><input type=\"text\" id=\"wpforms-5841-field_1\" class=\"wpforms-field-medium wpforms-field-required\" name=\"wpforms[fields][1]\" required><\/div><div id=\"wpforms-5841-field_2-container\" class=\"wpforms-field wpforms-field-email\" data-field-id=\"2\"><label class=\"wpforms-field-label\" for=\"wpforms-5841-field_2\">Email <span class=\"wpforms-required-label\">*<\/span><\/label><input type=\"email\" id=\"wpforms-5841-field_2\" class=\"wpforms-field-medium wpforms-field-required\" name=\"wpforms[fields][2]\" spellcheck=\"false\" required><\/div><div id=\"wpforms-5841-field_3-container\" class=\"wpforms-field wpforms-field-number\" data-field-id=\"3\"><label class=\"wpforms-field-label\" for=\"wpforms-5841-field_3\">Num\u00e9ro de t\u00e9l\u00e9phone <span class=\"wpforms-required-label\">*<\/span><\/label><input type=\"number\" id=\"wpforms-5841-field_3\" class=\"wpforms-field-medium wpforms-field-required\" name=\"wpforms[fields][3]\" step=\"any\" required><\/div><\/div><!-- .wpforms-field-container --><div class=\"wpforms-submit-container\" ><input type=\"hidden\" name=\"wpforms[id]\" value=\"5841\"><input type=\"hidden\" name=\"page_title\" value=\"\"><input type=\"hidden\" name=\"page_url\" value=\"https:\/\/tranvinhtan.com\/fr\/wp-json\/wp\/v2\/pages\/3296\"><input type=\"hidden\" name=\"url_referer\" value=\"\"><button type=\"submit\" name=\"wpforms[submit]\" id=\"wpforms-submit-5841\" class=\"wpforms-submit\" data-alt-text=\"Envoyer...\" data-submit-text=\"Je m&#039;inscris\" aria-live=\"assertive\" value=\"wpforms-submit\">Je m&#039;inscris<\/button><\/div><\/form><\/div>  <!-- .wpforms-container --><\/div>\n                      <\/div>\n                    <\/div>\n                  <\/div>\n                <\/div>\n              <\/div>\n            <\/div>\n          <\/div>\n        <\/div>\n      <\/div>\n    <\/div>\n  <\/div>\n<\/div>\n<div data-colibri-component=\"section\" data-colibri-id=\"3296-c24\" data-aos=\"fadeInUp\" id=\"facilitator\" class=\"h-section h-section-global-spacing d-flex align-items-lg-center align-items-md-center align-items-center style-2535 style-local-3296-c24 position-relative\">\n  <!---->\n  <!---->\n  <div class=\"h-section-grid-container h-section-boxed-container\">\n    <!---->\n    <div data-colibri-id=\"3296-c25\" class=\"h-row-container gutters-row-lg-2 gutters-row-md-2 gutters-row-2 gutters-row-v-lg-2 gutters-row-v-md-2 gutters-row-v-2 style-2536 style-local-3296-c25 position-relative\">\n      <!---->\n      <div class=\"h-row justify-content-lg-center justify-content-md-center justify-content-center align-items-lg-stretch align-items-md-stretch align-items-stretch gutters-col-lg-2 gutters-col-md-2 gutters-col-2 gutters-col-v-lg-2 gutters-col-v-md-2 gutters-col-v-2\">\n        <!---->\n        <div class=\"h-column h-column-container d-flex h-col-lg-auto h-col-md-auto h-col-auto style-2537-outer style-local-3296-c26-outer\">\n          <div data-colibri-id=\"3296-c26\" class=\"d-flex h-flex-basis h-column__inner h-px-lg-2 h-px-md-2 h-px-2 v-inner-lg-2 v-inner-md-2 v-inner-2 style-2537 style-local-3296-c26 position-relative\">\n            <!---->\n            <!---->\n            <div class=\"w-100 h-y-container h-column__content h-column__v-align flex-basis-100 align-self-lg-center align-self-md-center align-self-center\">\n              <!---->\n              <div data-colibri-id=\"3296-c27\" class=\"d-block style-4207 style-local-3296-c27 position-relative h-element\">\n                <!---->\n                <div class=\"h-image__frame-container-outer\">\n                  <div class=\"h-image__frame-container\">\n                    <!---->\n                    <!---->\n                    <img loading=\"lazy\" decoding=\"async\" width=\"1238\" height=\"1542\" src=\"https:\/\/tranvinhtan.com\/wp-content\/uploads\/2022\/04\/AR34-min.jpg\" class=\"wp-image-5898 style-4207-image style-local-3296-c27-image\" alt=\"\" srcset=\"https:\/\/tranvinhtan.com\/wp-content\/uploads\/2022\/04\/AR34-min.jpg 1238w, https:\/\/tranvinhtan.com\/wp-content\/uploads\/2022\/04\/AR34-min-600x747.jpg 600w, https:\/\/tranvinhtan.com\/wp-content\/uploads\/2022\/04\/AR34-min-241x300.jpg 241w, https:\/\/tranvinhtan.com\/wp-content\/uploads\/2022\/04\/AR34-min-822x1024.jpg 822w, https:\/\/tranvinhtan.com\/wp-content\/uploads\/2022\/04\/AR34-min-768x957.jpg 768w, https:\/\/tranvinhtan.com\/wp-content\/uploads\/2022\/04\/AR34-min-1233x1536.jpg 1233w, https:\/\/tranvinhtan.com\/wp-content\/uploads\/2022\/04\/AR34-min-10x12.jpg 10w\" sizes=\"(max-width: 1238px) 100vw, 1238px\" \/>\n                    <div class=\"h-image__frame h-hide-lg h-hide-md h-hide-sm style-4207-frameImage style-local-3296-c27-frameImage\"><\/div>\n                  <\/div>\n                <\/div>\n              <\/div>\n            <\/div>\n          <\/div>\n        <\/div>\n        <div class=\"h-column h-column-container d-flex h-col-lg-auto h-col-md-auto h-col-auto style-2539-outer style-local-3296-c28-outer\">\n          <div data-colibri-id=\"3296-c28\" class=\"d-flex h-flex-basis h-column__inner h-px-lg-2 h-px-md-2 h-px-2 v-inner-lg-2 v-inner-md-2 v-inner-2 style-2539 style-local-3296-c28 position-relative\">\n            <!---->\n            <!---->\n            <div class=\"w-100 h-y-container h-column__content h-column__v-align flex-basis-100 align-self-lg-center align-self-md-center align-self-center\">\n              <!---->\n              <div data-colibri-id=\"3296-c29\" class=\"h-global-transition-all h-heading style-2540 style-local-3296-c29 position-relative h-element\">\n                <!---->\n                <div class=\"h-heading__outer style-2540 style-local-3296-c29\">\n                  <!---->\n                  <!---->\n                  <h5 class=\"\">facilitator<\/h5>\n                <\/div>\n              <\/div>\n              <div data-colibri-id=\"3296-c30\" class=\"h-global-transition-all h-heading style-2541 style-local-3296-c30 position-relative h-element\">\n                <!---->\n                <div class=\"h-heading__outer style-2541 style-local-3296-c30\">\n                  <!---->\n                  <!---->\n                  <h2 class=\"\">Tran Vinh Tan<\/h2>\n                <\/div>\n              <\/div>\n              <div data-colibri-id=\"3296-c31\" class=\"h-text h-text-component style-2542 style-local-3296-c31 position-relative h-element\">\n                <!---->\n                <!---->\n                <div class=\"\">\n                  <p><strong style=\"color: rgb(60, 72, 88); font-family: &quot;Par d\u00e9faut&quot;; font-size: 20px;\">Tran Vinh Tan<\/strong><span style=\"color: rgb(60, 72, 88); font-family: &quot;Par d\u00e9faut&quot;; font-size: 20px; font-weight: 300;\">&nbsp;se sp\u00e9cialise dans la pleine conscience et self-leadership. \u00c9tudiant ordonn\u00e9 du ma\u00eetre zen Thich Nhat Hanh, Tan pratique cette tradition depuis 2008, devenant enseignant certifi\u00e9 de programmes bas\u00e9 sur la pleine conscience la\u00efque de renomm\u00e9e mondiale. Tan a enseign\u00e9 la pleine conscience et le leadership \u00e0 de nombreuses personnes et organisations, dont General Electric, Salesforce, Heineken, L\u2019Or\u00e9al et Manulife. Il a \u00e9galement traduit des livres de Jon Kabat-Zinn, Otto Scharmer et Robert K. Greenleaf. En ce moment, Tan vit et enseigne dans un centre de pratique de pleine conscience en Haute Loire, France. Ses langues de travail sont le vietnamien, l\u2019anglais, le fran\u00e7ais et le norv\u00e9gien.<\/span><\/p>\n                <\/div>\n              <\/div>\n            <\/div>\n          <\/div>\n        <\/div>\n      <\/div>\n    <\/div>\n  <\/div>\n<\/div>\n<\/div>","protected":false},"excerpt":{"rendered":"<p>4\u00e8me Dimanche Du Mois 20h00-21h30 Webinaire Gratuit&nbsp;(Places Limit\u00e9es) En Zoom Decouvir\/maintenir la pratique de la pleine conscience Ces s\u00e9ances mensuelles sont propos\u00e9es aux personnes ayant particip\u00e9 \u00e0 des formations avec moi pour maintenir la pratique ainsi qu&#8217;aux nouvelles personnes qui souhaitent d\u00e9couvrir la pleine conscience avec moi \u00e0 travers des th\u00e9matiques diff\u00e9rentes chaque mois. Lors [&hellip;]<\/p>\n","protected":false},"author":1,"featured_media":0,"parent":0,"menu_order":0,"comment_status":"closed","ping_status":"closed","template":"page-templates\/full-width-page.php","meta":{"footnotes":""},"_links":{"self":[{"href":"https:\/\/tranvinhtan.com\/fr\/wp-json\/wp\/v2\/pages\/3296"}],"collection":[{"href":"https:\/\/tranvinhtan.com\/fr\/wp-json\/wp\/v2\/pages"}],"about":[{"href":"https:\/\/tranvinhtan.com\/fr\/wp-json\/wp\/v2\/types\/page"}],"author":[{"embeddable":true,"href":"https:\/\/tranvinhtan.com\/fr\/wp-json\/wp\/v2\/users\/1"}],"replies":[{"embeddable":true,"href":"https:\/\/tranvinhtan.com\/fr\/wp-json\/wp\/v2\/comments?post=3296"}],"version-history":[{"count":20,"href":"https:\/\/tranvinhtan.com\/fr\/wp-json\/wp\/v2\/pages\/3296\/revisions"}],"predecessor-version":[{"id":6282,"href":"https:\/\/tranvinhtan.com\/fr\/wp-json\/wp\/v2\/pages\/3296\/revisions\/6282"}],"wp:attachment":[{"href":"https:\/\/tranvinhtan.com\/fr\/wp-json\/wp\/v2\/media?parent=3296"}],"curies":[{"name":"wp","href":"https:\/\/api.w.org\/{rel}","templated":true}]}}